{"id":34,"date":"2021-10-05T03:50:16","date_gmt":"2021-10-05T03:50:16","guid":{"rendered":"https:\/\/prestocash.ca\/fr\/?page_id=34"},"modified":"2021-10-05T16:08:28","modified_gmt":"2021-10-05T16:08:28","slug":"a-propos-de-nous-prestocash-canada","status":"publish","type":"page","link":"https:\/\/prestocash.ca\/fr\/a-propos-de-nous-prestocash-canada\/","title":{"rendered":"\u00c0 propos de nous | PrestoCash Canada"},"content":{"rendered":"<p>[et_pb_section fb_built=&#8221;1&#8243; custom_padding_last_edited=&#8221;on|phone&#8221; next_background_color=&#8221;#ffffff&#8221; _builder_version=&#8221;4.10.8&#8243; _module_preset=&#8221;default&#8221; background_image=&#8221;https:\/\/prestocash.ca\/fr\/wp-content\/uploads\/2021\/10\/Tunnel-Wave-Email-Header-4-1.png&#8221; background_position=&#8221;top_right&#8221; custom_padding=&#8221;80px||161px|||&#8221; custom_padding_tablet=&#8221;&#8221; custom_padding_phone=&#8221;11px||7px||false|false&#8221; bottom_divider_style=&#8221;curve2&#8243; bottom_divider_height=&#8221;78px&#8221; bottom_divider_repeat=&#8221;1x&#8221; background_color_phone=&#8221;#0C71C3&#8243; background_last_edited=&#8221;on|phone&#8221; background_enable_color_phone=&#8221;on&#8221; background_enable_image_phone=&#8221;off&#8221; global_colors_info=&#8221;{}&#8221;][et_pb_row column_structure=&#8221;3_5,2_5&#8243; _builder_version=&#8221;4.10.8&#8243; _module_preset=&#8221;default&#8221; custom_margin=&#8221;14px|auto||auto||&#8221; global_colors_info=&#8221;{}&#8221;][et_pb_column type=&#8221;3_5&#8243; _builder_version=&#8221;4.10.8&#8243; _module_preset=&#8221;default&#8221; global_colors_info=&#8221;{}&#8221;][et_pb_text _builder_version=&#8221;4.10.8&#8243; _module_preset=&#8221;default&#8221; header_font=&#8221;Alata|700|||||||&#8221; header_text_color=&#8221;#ff914d&#8221; header_font_size=&#8221;79px&#8221; custom_margin=&#8221;||20px||false|false&#8221; header_text_align_tablet=&#8221;&#8221; header_text_align_phone=&#8221;center&#8221; header_text_align_last_edited=&#8221;on|phone&#8221; header_font_size_tablet=&#8221;&#8221; header_font_size_phone=&#8221;70px&#8221; header_font_size_last_edited=&#8221;on|phone&#8221; header_text_shadow_style=&#8221;preset1&#8243; global_colors_info=&#8221;{}&#8221;]<\/p>\n<h1><span style=\"color: #ffffff;\">\u00c0 propos de<\/span> nous<\/h1>\n<p>[\/et_pb_text][et_pb_text _builder_version=&#8221;4.10.8&#8243; _module_preset=&#8221;default&#8221; header_font=&#8221;Alata|700|||||||&#8221; header_text_color=&#8221;#4f4f4f&#8221; header_font_size=&#8221;43px&#8221; header_2_font=&#8221;Alata||||||||&#8221; header_2_text_color=&#8221;#ff914d&#8221; header_2_font_size=&#8221;35px&#8221; custom_margin=&#8221;-15px||||false|false&#8221; header_2_text_align_tablet=&#8221;&#8221; header_2_text_align_phone=&#8221;center&#8221; header_2_text_align_last_edited=&#8221;on|phone&#8221; header_2_font_size_tablet=&#8221;&#8221; header_2_font_size_phone=&#8221;24px&#8221; header_2_font_size_last_edited=&#8221;on|phone&#8221; header_2_text_shadow_style=&#8221;preset1&#8243; global_colors_info=&#8221;{}&#8221;]<\/p>\n<h2><span style=\"color: #ffffff;\">En savoir plus sur nous et<\/span> <span style=\"color: #ff9900;\">notre objectif<\/span><\/h2>\n<p>[\/et_pb_text][\/et_pb_column][et_pb_column type=&#8221;2_5&#8243; _builder_version=&#8221;4.10.8&#8243; _module_preset=&#8221;default&#8221; global_colors_info=&#8221;{}&#8221;][\/et_pb_column][\/et_pb_row][\/et_pb_section][et_pb_section fb_built=&#8221;1&#8243; _builder_version=&#8221;4.10.8&#8243; _module_preset=&#8221;default&#8221; custom_margin=&#8221;18px|||||&#8221; custom_padding=&#8221;71px||23px|||&#8221; global_colors_info=&#8221;{}&#8221;][et_pb_row _builder_version=&#8221;4.10.8&#8243; _module_preset=&#8221;default&#8221; global_colors_info=&#8221;{}&#8221;][et_pb_column type=&#8221;4_4&#8243; _builder_version=&#8221;4.10.8&#8243; _module_preset=&#8221;default&#8221; global_colors_info=&#8221;{}&#8221;][et_pb_image src=&#8221;https:\/\/prestocash.ca\/fr\/wp-content\/uploads\/2021\/10\/Untitled-design-2021-09-22T174111.538-1.png&#8221; title_text=&#8221;Untitled design &#8211; 2021-09-22T174111.538&#8243; align=&#8221;center&#8221; disabled_on=&#8221;off|off|on&#8221; _builder_version=&#8221;4.10.8&#8243; _module_preset=&#8221;default&#8221; width=&#8221;55%&#8221; custom_margin=&#8221;||5px||false|false&#8221; global_colors_info=&#8221;{}&#8221;][\/et_pb_image][et_pb_text _builder_version=&#8221;4.10.8&#8243; _module_preset=&#8221;default&#8221; header_2_font=&#8221;Alata|700|||||||&#8221; header_2_text_color=&#8221;#fca800&#8243; header_2_font_size=&#8221;40px&#8221; custom_margin=&#8221;||-5px||false|false&#8221; custom_padding=&#8221;||0px||false|false&#8221; header_2_text_align_tablet=&#8221;&#8221; header_2_text_align_phone=&#8221;center&#8221; header_2_text_align_last_edited=&#8221;on|phone&#8221; header_2_font_size_tablet=&#8221;&#8221; header_2_font_size_phone=&#8221;37px&#8221; header_2_font_size_last_edited=&#8221;on|phone&#8221; global_colors_info=&#8221;{}&#8221;]<\/p>\n<h2><span style=\"color: #333333;\">Qui est Presto<\/span>Cash?<\/h2>\n<p>[\/et_pb_text][\/et_pb_column][\/et_pb_row][et_pb_row column_structure=&#8221;3_5,2_5&#8243; _builder_version=&#8221;4.10.8&#8243; _module_preset=&#8221;default&#8221; custom_margin=&#8221;-42px|auto||auto|false|false&#8221; global_colors_info=&#8221;{}&#8221;][et_pb_column type=&#8221;3_5&#8243; _builder_version=&#8221;4.10.8&#8243; _module_preset=&#8221;default&#8221; global_colors_info=&#8221;{}&#8221;][et_pb_text _builder_version=&#8221;4.10.8&#8243; _module_preset=&#8221;default&#8221; text_font=&#8221;Alata||||||||&#8221; text_font_size=&#8221;17px&#8221; global_colors_info=&#8221;{}&#8221;]<\/p>\n<p>PrestoCash est un fournisseur canadien de pr\u00eats instantan\u00e9s qui se sp\u00e9cialise dans les pr\u00eats sans v\u00e9rification de cr\u00e9dit. Nous offrons une alternative de cr\u00e9dit aux pr\u00eats sur salaire.\u00a0<\/p>\n<p>Notre merveilleuse \u00e9quipe se consacre \u00e0 r\u00e9pondre \u00e0 vos besoins et \u00e0 vous aider \u00e0 tirer le meilleur parti de PrestoCash.<\/p>\n<p>[\/et_pb_text][\/et_pb_column][et_pb_column type=&#8221;2_5&#8243; _builder_version=&#8221;4.10.8&#8243; _module_preset=&#8221;default&#8221; global_colors_info=&#8221;{}&#8221;][et_pb_image src=&#8221;https:\/\/prestocash.ca\/fr\/wp-content\/uploads\/2021\/10\/Untitled-design-2021-09-22T174111.538-1.png&#8221; title_text=&#8221;Untitled design &#8211; 2021-09-22T174111.538&#8243; align=&#8221;center&#8221; disabled_on=&#8221;on|on|off&#8221; _builder_version=&#8221;4.10.8&#8243; _module_preset=&#8221;default&#8221; custom_margin=&#8221;-158px||-70px||false|false&#8221; custom_margin_tablet=&#8221;-2px||-108px||false|false&#8221; custom_margin_phone=&#8221;&#8221; custom_margin_last_edited=&#8221;on|tablet&#8221; global_colors_info=&#8221;{}&#8221;][\/et_pb_image][\/et_pb_column][\/et_pb_row][\/et_pb_section][et_pb_section fb_built=&#8221;1&#8243; _builder_version=&#8221;4.10.8&#8243; _module_preset=&#8221;default&#8221; custom_padding=&#8221;4px|||||&#8221; global_colors_info=&#8221;{}&#8221;][et_pb_row _builder_version=&#8221;4.10.8&#8243; _module_preset=&#8221;default&#8221; custom_margin=&#8221;-13px|auto|-44px|auto||&#8221; custom_padding=&#8221;15px|||||&#8221; global_colors_info=&#8221;{}&#8221;][et_pb_column type=&#8221;4_4&#8243; _builder_version=&#8221;4.10.8&#8243; _module_preset=&#8221;default&#8221; global_colors_info=&#8221;{}&#8221;][et_pb_text _builder_version=&#8221;4.10.8&#8243; _module_preset=&#8221;default&#8221; header_2_font=&#8221;Alata|700|||||||&#8221; header_2_text_color=&#8221;#fca800&#8243; header_2_font_size=&#8221;40px&#8221; custom_margin_tablet=&#8221;&#8221; custom_margin_phone=&#8221;||-15px||false|false&#8221; custom_margin_last_edited=&#8221;on|phone&#8221; custom_padding=&#8221;12px|||||&#8221; header_2_text_align_tablet=&#8221;&#8221; header_2_text_align_phone=&#8221;center&#8221; header_2_text_align_last_edited=&#8221;on|phone&#8221; global_colors_info=&#8221;{}&#8221;]<\/p>\n<h2><span style=\"color: #333333;\">Notre<\/span> objectif<\/h2>\n<p>[\/et_pb_text][\/et_pb_column][\/et_pb_row][et_pb_row column_structure=&#8221;1_3,1_3,1_3&#8243; _builder_version=&#8221;4.10.8&#8243; _module_preset=&#8221;default&#8221; custom_margin=&#8221;15px||||false|false&#8221; global_colors_info=&#8221;{}&#8221;][et_pb_column type=&#8221;1_3&#8243; _builder_version=&#8221;4.10.8&#8243; _module_preset=&#8221;default&#8221; global_colors_info=&#8221;{}&#8221;][et_pb_blurb title=&#8221;Donner un coup de main&#8221; image=&#8221;https:\/\/prestocash.ca\/fr\/wp-content\/uploads\/2021\/10\/Untitled-design-2021-09-22T175816.480-1.png&#8221; _builder_version=&#8221;4.10.8&#8243; _module_preset=&#8221;default&#8221; header_level=&#8221;h3&#8243; header_font=&#8221;Alata|700|||||||&#8221; header_text_align=&#8221;center&#8221; header_text_color=&#8221;#fca800&#8243; header_font_size=&#8221;24px&#8221; body_font=&#8221;Alata||||||||&#8221; body_text_align=&#8221;justify&#8221; body_text_color=&#8221;#FFFFFF&#8221; background_color=&#8221;#2980d1&#8243; custom_padding=&#8221;15px|15px|100px|15px|false|true&#8221; custom_padding_tablet=&#8221;&#8221; custom_padding_phone=&#8221;&#8221; custom_padding_last_edited=&#8221;on|desktop&#8221; header_text_shadow_style=&#8221;preset1&#8243; border_radii=&#8221;on|10px|10px|10px|10px&#8221; box_shadow_style=&#8221;preset1&#8243; box_shadow_blur=&#8221;13px&#8221; box_shadow_spread=&#8221;2px&#8221; box_shadow_color=&#8221;rgba(0,0,0,0.34)&#8221; global_colors_info=&#8221;{}&#8221;]<\/p>\n<p>Nous sommes l\u00e0 pour vous aider \u00e0 sortir de la situation difficile dans laquelle vous vous trouvez actuellement. Nous sommes dans ce secteur depuis tr\u00e8s longtemps pour comprendre la situation dans laquelle vous vous trouvez. N\u00e9anmoins, notre syst\u00e8me est construit pour pr\u00eater main forte \u00e0 ceux qui ont besoin d&#8217;un pr\u00eat.<\/p>\n<p>[\/et_pb_blurb][\/et_pb_column][et_pb_column type=&#8221;1_3&#8243; _builder_version=&#8221;4.10.8&#8243; _module_preset=&#8221;default&#8221; global_colors_info=&#8221;{}&#8221;][et_pb_blurb title=&#8221;Offrir le meilleur service&#8221; image=&#8221;https:\/\/prestocash.ca\/fr\/wp-content\/uploads\/2021\/10\/Untitled-design-2021-09-22T175546.420-1.png&#8221; _builder_version=&#8221;4.10.8&#8243; _module_preset=&#8221;default&#8221; header_level=&#8221;h3&#8243; header_font=&#8221;Alata|700|||||||&#8221; header_text_align=&#8221;center&#8221; header_text_color=&#8221;#fca800&#8243; header_font_size=&#8221;24px&#8221; body_font=&#8221;Alata||||||||&#8221; body_text_align=&#8221;justify&#8221; body_text_color=&#8221;#FFFFFF&#8221; background_color=&#8221;#2980d1&#8243; custom_padding=&#8221;15px|15px|145px|15px|false|false&#8221; custom_padding_tablet=&#8221;&#8221; custom_padding_phone=&#8221;&#8221; custom_padding_last_edited=&#8221;on|desktop&#8221; header_text_shadow_style=&#8221;preset1&#8243; border_radii=&#8221;on|10px|10px|10px|10px&#8221; box_shadow_style=&#8221;preset1&#8243; box_shadow_blur=&#8221;13px&#8221; box_shadow_spread=&#8221;2px&#8221; box_shadow_color=&#8221;rgba(0,0,0,0.34)&#8221; global_colors_info=&#8221;{}&#8221;]<\/p>\n<p>Nous sommes conscients de la difficult\u00e9 et de l&#8217;\u00e9motion que peut provoquer le fait d&#8217;avoir besoin d&#8217;un pr\u00eat. C&#8217;est pourquoi nous nous engageons \u00e0 vous offrir le meilleur service qui existe et \u00e0 vous \u00e9viter les maux de t\u00eate lors du processus de pr\u00eat d&#8217;argent.<\/p>\n<p>[\/et_pb_blurb][\/et_pb_column][et_pb_column type=&#8221;1_3&#8243; _builder_version=&#8221;4.10.8&#8243; _module_preset=&#8221;default&#8221; global_colors_info=&#8221;{}&#8221;][et_pb_blurb title=&#8221;Pour \u00eatre le plus rapide&#8221; image=&#8221;https:\/\/prestocash.ca\/fr\/wp-content\/uploads\/2021\/10\/Untitled-design-2021-09-22T175517.428-1.png&#8221; _builder_version=&#8221;4.10.8&#8243; _module_preset=&#8221;default&#8221; header_level=&#8221;h3&#8243; header_font=&#8221;Alata|700|||||||&#8221; header_text_align=&#8221;center&#8221; header_text_color=&#8221;#fca800&#8243; header_font_size=&#8221;24px&#8221; body_font=&#8221;Alata||||||||&#8221; body_text_align=&#8221;justify&#8221; body_text_color=&#8221;#FFFFFF&#8221; background_color=&#8221;#2980d1&#8243; custom_padding=&#8221;15px|15px|15px|15px|true|true&#8221; header_text_shadow_style=&#8221;preset1&#8243; border_radii=&#8221;on|10px|10px|10px|10px&#8221; box_shadow_style=&#8221;preset1&#8243; box_shadow_blur=&#8221;13px&#8221; box_shadow_spread=&#8221;2px&#8221; box_shadow_color=&#8221;rgba(0,0,0,0.34)&#8221; global_colors_info=&#8221;{}&#8221;]<\/p>\n<p>Chez PrestoCash, notre objectif est de vous offrir le meilleur service pour r\u00e9pondre \u00e0 vos besoins imm\u00e9diats aussi rapidement que possible. Nous sommes en mesure d&#8217;atteindre notre vitesse de pr\u00eat d&#8217;argent gr\u00e2ce \u00e0 notre formidable \u00e9quipe et \u00e0 la solide technologie que nous avons mise en place!<\/p>\n<p>Curieux de voir \u00e0 quelle vitesse nous pouvons vous pr\u00eater de l&#8217;argent? Commencez notre processus de demande de pr\u00eat!<\/p>\n<p>[\/et_pb_blurb][\/et_pb_column][\/et_pb_row][\/et_pb_section][et_pb_section fb_built=&#8221;1&#8243; _builder_version=&#8221;4.10.8&#8243; _module_preset=&#8221;default&#8221; custom_margin=&#8221;0px||0px||false|false&#8221; custom_padding=&#8221;0px||0px||false|false&#8221; global_colors_info=&#8221;{}&#8221; global_module=&#8221;78&#8243;][et_pb_row _builder_version=&#8221;4.10.8&#8243; _module_preset=&#8221;default&#8221; positioning=&#8221;none&#8221; width=&#8221;100%&#8221; max_width=&#8221;90%&#8221; custom_margin=&#8221;0px||0px||false|false&#8221; global_colors_info=&#8221;{}&#8221;][et_pb_column type=&#8221;4_4&#8243; _builder_version=&#8221;4.10.8&#8243; _module_preset=&#8221;default&#8221; global_colors_info=&#8221;{}&#8221;][et_pb_divimenus menu_type=&#8221;vertical&#8221; show_open=&#8221;off&#8221; adjust_container=&#8221;off&#8221; central_item_inline_menu_position=&#8221;last&#8221; central_item_font_icon=&#8221;%%43%%&#8221; tooltip_behavior=&#8221;always&#8221; title_clickable=&#8221;on&#8221; central_item_circle_color=&#8221;#E09900&#8243; central_item_icon_color=&#8221;#FFFFFF&#8221; central_item_icon_font_size=&#8221;50px&#8221; central_item_icon_font_style=&#8221;on&#8221; menu_item_circle_color=&#8221;#E09900&#8243; menu_item_icon_color=&#8221;#FFFFFF&#8221; tooltip_position=&#8221;left&#8221; tooltip_use_background=&#8221;on&#8221; menu_alignment=&#8221;right&#8221; central_item_icon_font_size_tablet=&#8221;&#8221; central_item_icon_font_size_phone=&#8221;30px&#8221; central_item_icon_font_size_last_edited=&#8221;on|phone&#8221; central_item_image_size_tablet=&#8221;57&#8243; central_item_image_size_phone=&#8221;57&#8243; _builder_version=&#8221;4.10.8&#8243; _module_preset=&#8221;default&#8221; tooltip_font=&#8221;Alata|700|||||||&#8221; tooltip_text_color=&#8221;#6d6d6d&#8221; tooltip_font_size=&#8221;18px&#8221; custom_padding=&#8221;||20px||false|false&#8221; sticky_position=&#8221;bottom&#8221; border_radii_title=&#8221;on|10px|10px|10px|10px&#8221; box_shadow_style=&#8221;preset1&#8243; box_shadow_spread=&#8221;18px&#8221; box_shadow_color=&#8221;RGBA(0,0,0,0)&#8221; box_shadow_style_central_item=&#8221;preset4&#8243; box_shadow_horizontal_central_item=&#8221;4px&#8221; box_shadow_vertical_central_item=&#8221;4px&#8221; box_shadow_blur_central_item=&#8221;4px&#8221; box_shadow_style_menu_item=&#8221;preset1&#8243; global_colors_info=&#8221;{}&#8221; central_item_image_height=&#8221;57&#8243; central_item_image_height_t=&#8221;57&#8243; central_item_image_height_p=&#8221;57&#8243;][et_pb_divimenus_item title=&#8221;Nous Joindre&#8221; item_font_icon=&#8221;%%238%%&#8221; url=&#8221;mailto:billing@prestocash.com&#8221; _builder_version=&#8221;4.10.8&#8243; _module_preset=&#8221;default&#8221; global_colors_info=&#8221;{}&#8221; disable_items=&#8221;off&#8221; menu_item_font_icon=&#8221;%%43%%&#8221; menu_item_image=&#8221;data:image\/svg+xml;base64,PHN2ZyB3aWR0aD0iNTQwIiBoZWlnaHQ9IjU0MCIgdmlld0JveD0iMCAwIDU0MCA1NDAiIHhtbG5zPSJodHRwOi8vd3d3LnczLm9yZy8yMDAwL3N2ZyI+CiAgICA8ZyBmaWxsPSJub25lIiBmaWxsLXJ1bGU9ImV2ZW5vZGQiPgogICAgICAgIDxwYXRoIGZpbGw9IiNFQkVCRUIiIGQ9Ik0wIDBoMTA4MHY1NDBIMHoiLz4KICAgICAgICA8cGF0aCBkPSJNNDQ1LjY0OSA1NDBoLTk4Ljk5NUwxNDQuNjQ5IDMzNy45OTUgMCA0ODIuNjQ0di05OC45OTVsMTE2LjM2NS0xMTYuMzY1YzE1LjYyLTE1LjYyIDQwLjk0Ny0xNS42MiA1Ni41NjggMEw0NDUuNjUgNTQweiIgZmlsbC1vcGFjaXR5PSIuMSIgZmlsbD0iIzAwMCIgZmlsbC1ydWxlPSJub256ZXJvIi8+CiAgICAgICAgPGNpcmNsZSBmaWxsLW9wYWNpdHk9Ii4wNSIgZmlsbD0iIzAwMCIgY3g9IjMzMSIgY3k9IjE0OCIgcj0iNzAiLz4KICAgICAgICA8cGF0aCBkPSJNMTA4MCAzNzl2MTEzLjEzN0w3MjguMTYyIDE0MC4zIDMyOC40NjIgNTQwSDIxNS4zMjRMNjk5Ljg3OCA1NS40NDZjMTUuNjItMTUuNjIgNDAuOTQ4LTE1LjYyIDU2LjU2OCAwTDEwODAgMzc5eiIgZmlsbC1vcGFjaXR5PSIuMiIgZmlsbD0iIzAwMCIgZmlsbC1ydWxlPSJub256ZXJvIi8+CiAgICA8L2c+Cjwvc3ZnPgo=&#8221; menu_item_show_title=&#8221;on&#8221; menu_item_equal_size=&#8221;on&#8221; menu_item_select=&#8221;icon_option&#8221; menu_item_use_border=&#8221;off&#8221; title_clickable=&#8221;on&#8221; tooltip_use_background=&#8221;on&#8221; tooltip_behavior=&#8221;always&#8221; child_order=&#8221;0&#8243; item_padding_lr=&#8221;15&#8243; item_padding_tb=&#8221;15&#8243; item_padding_lr_t=&#8221;15&#8243; item_padding_tb_t=&#8221;15&#8243; item_padding_lr_p=&#8221;15&#8243; item_padding_tb_p=&#8221;15&#8243;][\/et_pb_divimenus_item][et_pb_divimenus_item title=&#8221;Obtenez un pr\u00eat&#8221; item_font_icon=&#8221;%%280%%&#8221; url=&#8221;https:\/\/prestodashboard.ddns.net\/form&#8221; _builder_version=&#8221;4.10.8&#8243; _module_preset=&#8221;default&#8221; global_colors_info=&#8221;{}&#8221; disable_items=&#8221;off&#8221; menu_item_font_icon=&#8221;%%43%%&#8221; menu_item_image=&#8221;data:image\/svg+xml;base64,PHN2ZyB3aWR0aD0iNTQwIiBoZWlnaHQ9IjU0MCIgdmlld0JveD0iMCAwIDU0MCA1NDAiIHhtbG5zPSJodHRwOi8vd3d3LnczLm9yZy8yMDAwL3N2ZyI+CiAgICA8ZyBmaWxsPSJub25lIiBmaWxsLXJ1bGU9ImV2ZW5vZGQiPgogICAgICAgIDxwYXRoIGZpbGw9IiNFQkVCRUIiIGQ9Ik0wIDBoMTA4MHY1NDBIMHoiLz4KICAgICAgICA8cGF0aCBkPSJNNDQ1LjY0OSA1NDBoLTk4Ljk5NUwxNDQuNjQ5IDMzNy45OTUgMCA0ODIuNjQ0di05OC45OTVsMTE2LjM2NS0xMTYuMzY1YzE1LjYyLTE1LjYyIDQwLjk0Ny0xNS42MiA1Ni41NjggMEw0NDUuNjUgNTQweiIgZmlsbC1vcGFjaXR5PSIuMSIgZmlsbD0iIzAwMCIgZmlsbC1ydWxlPSJub256ZXJvIi8+CiAgICAgICAgPGNpcmNsZSBmaWxsLW9wYWNpdHk9Ii4wNSIgZmlsbD0iIzAwMCIgY3g9IjMzMSIgY3k9IjE0OCIgcj0iNzAiLz4KICAgICAgICA8cGF0aCBkPSJNMTA4MCAzNzl2MTEzLjEzN0w3MjguMTYyIDE0MC4zIDMyOC40NjIgNTQwSDIxNS4zMjRMNjk5Ljg3OCA1NS40NDZjMTUuNjItMTUuNjIgNDAuOTQ4LTE1LjYyIDU2LjU2OCAwTDEwODAgMzc5eiIgZmlsbC1vcGFjaXR5PSIuMiIgZmlsbD0iIzAwMCIgZmlsbC1ydWxlPSJub256ZXJvIi8+CiAgICA8L2c+Cjwvc3ZnPgo=&#8221; menu_item_show_title=&#8221;on&#8221; menu_item_equal_size=&#8221;on&#8221; menu_item_select=&#8221;icon_option&#8221; menu_item_use_border=&#8221;off&#8221; title_clickable=&#8221;on&#8221; tooltip_use_background=&#8221;on&#8221; tooltip_behavior=&#8221;always&#8221; child_order=&#8221;1&#8243; item_padding_lr=&#8221;15&#8243; item_padding_tb=&#8221;15&#8243; item_padding_lr_t=&#8221;15&#8243; item_padding_tb_t=&#8221;15&#8243; item_padding_lr_p=&#8221;15&#8243; item_padding_tb_p=&#8221;15&#8243;][\/et_pb_divimenus_item][\/et_pb_divimenus][\/et_pb_column][\/et_pb_row][\/et_pb_section]<\/p>\n","protected":false},"excerpt":{"rendered":"<p>\u00c0 propos de nousEn savoir plus sur nous et notre objectifQui est PrestoCash?PrestoCash est un fournisseur canadien de pr\u00eats instantan\u00e9s qui se sp\u00e9cialise dans les pr\u00eats sans v\u00e9rification de cr\u00e9dit. Nous offrons une alternative de cr\u00e9dit aux pr\u00eats sur salaire.\u00a0 Notre merveilleuse \u00e9quipe se consacre \u00e0 r\u00e9pondre \u00e0 vos besoins et \u00e0 vous aider \u00e0 [&hellip;]<\/p>\n","protected":false},"author":1,"featured_media":0,"parent":0,"menu_order":0,"comment_status":"closed","ping_status":"closed","template":"","meta":{"_et_pb_use_builder":"on","_et_pb_old_content":"","_et_gb_content_width":"","_monsterinsights_skip_tracking":false,"_monsterinsights_sitenote_active":false,"_monsterinsights_sitenote_note":"","_monsterinsights_sitenote_category":0,"footnotes":""},"class_list":["post-34","page","type-page","status-publish","hentry"],"yoast_head":"<!-- This site is optimized with the Yoast SEO plugin v27.4 - https:\/\/yoast.com\/product\/yoast-seo-wordpress\/ -->\n<title>\u00c0 propos de nous | PrestoCash Canada - PrestoCash | Fr<\/title>\n<meta name=\"robots\" content=\"index, follow, max-snippet:-1, max-image-preview:large, max-video-preview:-1\" \/>\n<link rel=\"canonical\" href=\"https:\/\/prestocash.ca\/fr\/a-propos-de-nous-prestocash-canada\/\" \/>\n<meta property=\"og:locale\" content=\"en_US\" \/>\n<meta property=\"og:type\" content=\"article\" \/>\n<meta property=\"og:title\" content=\"\u00c0 propos de nous | PrestoCash Canada - PrestoCash | Fr\" \/>\n<meta property=\"og:description\" content=\"\u00c0 propos de nousEn savoir plus sur nous et notre objectifQui est PrestoCash?PrestoCash est un fournisseur canadien de pr\u00eats instantan\u00e9s qui se sp\u00e9cialise dans les pr\u00eats sans v\u00e9rification de cr\u00e9dit. Nous offrons une alternative de cr\u00e9dit aux pr\u00eats sur salaire.\u00a0 Notre merveilleuse \u00e9quipe se consacre \u00e0 r\u00e9pondre \u00e0 vos besoins et \u00e0 vous aider \u00e0 [&hellip;]\" \/>\n<meta property=\"og:url\" content=\"https:\/\/prestocash.ca\/fr\/a-propos-de-nous-prestocash-canada\/\" \/>\n<meta property=\"og:site_name\" content=\"PrestoCash | Fr\" \/>\n<meta property=\"article:modified_time\" content=\"2021-10-05T16:08:28+00:00\" \/>\n<meta name=\"twitter:card\" content=\"summary_large_image\" \/>\n<script type=\"application\/ld+json\" class=\"yoast-schema-graph\">{\"@context\":\"https:\\\/\\\/schema.org\",\"@graph\":[{\"@type\":\"WebPage\",\"@id\":\"https:\\\/\\\/prestocash.ca\\\/fr\\\/a-propos-de-nous-prestocash-canada\\\/\",\"url\":\"https:\\\/\\\/prestocash.ca\\\/fr\\\/a-propos-de-nous-prestocash-canada\\\/\",\"name\":\"\u00c0 propos de nous | PrestoCash Canada - PrestoCash | Fr\",\"isPartOf\":{\"@id\":\"https:\\\/\\\/prestocash.ca\\\/fr\\\/#website\"},\"datePublished\":\"2021-10-05T03:50:16+00:00\",\"dateModified\":\"2021-10-05T16:08:28+00:00\",\"breadcrumb\":{\"@id\":\"https:\\\/\\\/prestocash.ca\\\/fr\\\/a-propos-de-nous-prestocash-canada\\\/#breadcrumb\"},\"inLanguage\":\"en-US\",\"potentialAction\":[{\"@type\":\"ReadAction\",\"target\":[\"https:\\\/\\\/prestocash.ca\\\/fr\\\/a-propos-de-nous-prestocash-canada\\\/\"]}]},{\"@type\":\"BreadcrumbList\",\"@id\":\"https:\\\/\\\/prestocash.ca\\\/fr\\\/a-propos-de-nous-prestocash-canada\\\/#breadcrumb\",\"itemListElement\":[{\"@type\":\"ListItem\",\"position\":1,\"name\":\"Home\",\"item\":\"https:\\\/\\\/prestocash.ca\\\/fr\\\/\"},{\"@type\":\"ListItem\",\"position\":2,\"name\":\"\u00c0 propos de nous | PrestoCash Canada\"}]},{\"@type\":\"WebSite\",\"@id\":\"https:\\\/\\\/prestocash.ca\\\/fr\\\/#website\",\"url\":\"https:\\\/\\\/prestocash.ca\\\/fr\\\/\",\"name\":\"PrestoCash | Fr\",\"description\":\"Recevez votre argent PRESTO !\",\"potentialAction\":[{\"@type\":\"SearchAction\",\"target\":{\"@type\":\"EntryPoint\",\"urlTemplate\":\"https:\\\/\\\/prestocash.ca\\\/fr\\\/?s={search_term_string}\"},\"query-input\":{\"@type\":\"PropertyValueSpecification\",\"valueRequired\":true,\"valueName\":\"search_term_string\"}}],\"inLanguage\":\"en-US\"}]}<\/script>\n<!-- \/ Yoast SEO plugin. -->","yoast_head_json":{"title":"\u00c0 propos de nous | PrestoCash Canada - PrestoCash | Fr","robots":{"index":"index","follow":"follow","max-snippet":"max-snippet:-1","max-image-preview":"max-image-preview:large","max-video-preview":"max-video-preview:-1"},"canonical":"https:\/\/prestocash.ca\/fr\/a-propos-de-nous-prestocash-canada\/","og_locale":"en_US","og_type":"article","og_title":"\u00c0 propos de nous | PrestoCash Canada - PrestoCash | Fr","og_description":"\u00c0 propos de nousEn savoir plus sur nous et notre objectifQui est PrestoCash?PrestoCash est un fournisseur canadien de pr\u00eats instantan\u00e9s qui se sp\u00e9cialise dans les pr\u00eats sans v\u00e9rification de cr\u00e9dit. Nous offrons une alternative de cr\u00e9dit aux pr\u00eats sur salaire.\u00a0 Notre merveilleuse \u00e9quipe se consacre \u00e0 r\u00e9pondre \u00e0 vos besoins et \u00e0 vous aider \u00e0 [&hellip;]","og_url":"https:\/\/prestocash.ca\/fr\/a-propos-de-nous-prestocash-canada\/","og_site_name":"PrestoCash | Fr","article_modified_time":"2021-10-05T16:08:28+00:00","twitter_card":"summary_large_image","schema":{"@context":"https:\/\/schema.org","@graph":[{"@type":"WebPage","@id":"https:\/\/prestocash.ca\/fr\/a-propos-de-nous-prestocash-canada\/","url":"https:\/\/prestocash.ca\/fr\/a-propos-de-nous-prestocash-canada\/","name":"\u00c0 propos de nous | PrestoCash Canada - PrestoCash | Fr","isPartOf":{"@id":"https:\/\/prestocash.ca\/fr\/#website"},"datePublished":"2021-10-05T03:50:16+00:00","dateModified":"2021-10-05T16:08:28+00:00","breadcrumb":{"@id":"https:\/\/prestocash.ca\/fr\/a-propos-de-nous-prestocash-canada\/#breadcrumb"},"inLanguage":"en-US","potentialAction":[{"@type":"ReadAction","target":["https:\/\/prestocash.ca\/fr\/a-propos-de-nous-prestocash-canada\/"]}]},{"@type":"BreadcrumbList","@id":"https:\/\/prestocash.ca\/fr\/a-propos-de-nous-prestocash-canada\/#breadcrumb","itemListElement":[{"@type":"ListItem","position":1,"name":"Home","item":"https:\/\/prestocash.ca\/fr\/"},{"@type":"ListItem","position":2,"name":"\u00c0 propos de nous | PrestoCash Canada"}]},{"@type":"WebSite","@id":"https:\/\/prestocash.ca\/fr\/#website","url":"https:\/\/prestocash.ca\/fr\/","name":"PrestoCash | Fr","description":"Recevez votre argent PRESTO !","potentialAction":[{"@type":"SearchAction","target":{"@type":"EntryPoint","urlTemplate":"https:\/\/prestocash.ca\/fr\/?s={search_term_string}"},"query-input":{"@type":"PropertyValueSpecification","valueRequired":true,"valueName":"search_term_string"}}],"inLanguage":"en-US"}]}},"_links":{"self":[{"href":"https:\/\/prestocash.ca\/fr\/wp-json\/wp\/v2\/pages\/34","targetHints":{"allow":["GET"]}}],"collection":[{"href":"https:\/\/prestocash.ca\/fr\/wp-json\/wp\/v2\/pages"}],"about":[{"href":"https:\/\/prestocash.ca\/fr\/wp-json\/wp\/v2\/types\/page"}],"author":[{"embeddable":true,"href":"https:\/\/prestocash.ca\/fr\/wp-json\/wp\/v2\/users\/1"}],"replies":[{"embeddable":true,"href":"https:\/\/prestocash.ca\/fr\/wp-json\/wp\/v2\/comments?post=34"}],"version-history":[{"count":4,"href":"https:\/\/prestocash.ca\/fr\/wp-json\/wp\/v2\/pages\/34\/revisions"}],"predecessor-version":[{"id":84,"href":"https:\/\/prestocash.ca\/fr\/wp-json\/wp\/v2\/pages\/34\/revisions\/84"}],"wp:attachment":[{"href":"https:\/\/prestocash.ca\/fr\/wp-json\/wp\/v2\/media?parent=34"}],"curies":[{"name":"wp","href":"https:\/\/api.w.org\/{rel}","templated":true}]}}